{"id":253,"date":"2023-10-30T15:51:39","date_gmt":"2023-10-30T14:51:39","guid":{"rendered":"https:\/\/croixdor6.ch\/spaces\/"},"modified":"2025-06-27T13:47:58","modified_gmt":"2025-06-27T11:47:58","slug":"spaces","status":"publish","type":"page","link":"https:\/\/croixdor6.ch\/fr\/spaces\/","title":{"rendered":"Espaces"},"content":{"rendered":"","protected":false},"excerpt":{"rendered":"","protected":false},"author":1,"featured_media":0,"parent":0,"menu_order":0,"comment_status":"closed","ping_status":"closed","template":"page-builder.php","meta":{"_acf_changed":false,"footnotes":""},"class_list":["post-253","page","type-page","status-publish","hentry"],"acf":[],"yoast_head":"<!-- This site is optimized with the Yoast SEO plugin v27.3 - https:\/\/yoast.com\/product\/yoast-seo-wordpress\/ -->\n<title>Croix d&#039;Or - Espaces<\/title>\n<meta name=\"description\" content=\"3\u2019500m\u00b2 de bureaux enti\u00e8rement r\u00e9nov\u00e9s avec des plateaux divisibles de 150m\u00b2 \u00e0 800m\u00b2, pr\u00eats \u00e0 accueillir votre entreprise.\" \/>\n<meta name=\"robots\" content=\"index, follow, max-snippet:-1, max-image-preview:large, max-video-preview:-1\" \/>\n<link rel=\"canonical\" href=\"https:\/\/croixdor6.ch\/fr\/spaces\/\" \/>\n<meta property=\"og:locale\" content=\"fr_FR\" \/>\n<meta property=\"og:type\" content=\"article\" \/>\n<meta property=\"og:title\" content=\"Croix d&#039;Or - Espaces\" \/>\n<meta property=\"og:description\" content=\"3\u2019500m\u00b2 de bureaux enti\u00e8rement r\u00e9nov\u00e9s avec des plateaux divisibles de 150m\u00b2 \u00e0 800m\u00b2, pr\u00eats \u00e0 accueillir votre entreprise.\" \/>\n<meta property=\"og:url\" content=\"https:\/\/croixdor6.ch\/fr\/spaces\/\" \/>\n<meta property=\"og:site_name\" content=\"Croix d&#039;Or\" \/>\n<meta property=\"article:modified_time\" content=\"2025-06-27T11:47:58+00:00\" \/>\n<meta name=\"twitter:card\" content=\"summary_large_image\" \/>\n<script type=\"application\/ld+json\" class=\"yoast-schema-graph\">{\"@context\":\"https:\\\/\\\/schema.org\",\"@graph\":[{\"@type\":\"WebPage\",\"@id\":\"https:\\\/\\\/croixdor6.ch\\\/fr\\\/spaces\\\/\",\"url\":\"https:\\\/\\\/croixdor6.ch\\\/fr\\\/spaces\\\/\",\"name\":\"Croix d&#039;Or - Espaces\",\"isPartOf\":{\"@id\":\"https:\\\/\\\/croixdor6.ch\\\/fr\\\/#website\"},\"datePublished\":\"2023-10-30T14:51:39+00:00\",\"dateModified\":\"2025-06-27T11:47:58+00:00\",\"description\":\"3\u2019500m\u00b2 de bureaux enti\u00e8rement r\u00e9nov\u00e9s avec des plateaux divisibles de 150m\u00b2 \u00e0 800m\u00b2, pr\u00eats \u00e0 accueillir votre entreprise.\",\"breadcrumb\":{\"@id\":\"https:\\\/\\\/croixdor6.ch\\\/fr\\\/spaces\\\/#breadcrumb\"},\"inLanguage\":\"fr-FR\",\"potentialAction\":[{\"@type\":\"ReadAction\",\"target\":[\"https:\\\/\\\/croixdor6.ch\\\/fr\\\/spaces\\\/\"]}]},{\"@type\":\"BreadcrumbList\",\"@id\":\"https:\\\/\\\/croixdor6.ch\\\/fr\\\/spaces\\\/#breadcrumb\",\"itemListElement\":[{\"@type\":\"ListItem\",\"position\":1,\"name\":\"Home\",\"item\":\"https:\\\/\\\/croixdor6.ch\\\/fr\\\/\"},{\"@type\":\"ListItem\",\"position\":2,\"name\":\"Espaces\"}]},{\"@type\":\"WebSite\",\"@id\":\"https:\\\/\\\/croixdor6.ch\\\/fr\\\/#website\",\"url\":\"https:\\\/\\\/croixdor6.ch\\\/fr\\\/\",\"name\":\"Croix d'Or\",\"description\":\"\",\"publisher\":{\"@id\":\"https:\\\/\\\/croixdor6.ch\\\/fr\\\/#organization\"},\"potentialAction\":[{\"@type\":\"SearchAction\",\"target\":{\"@type\":\"EntryPoint\",\"urlTemplate\":\"https:\\\/\\\/croixdor6.ch\\\/fr\\\/?s={search_term_string}\"},\"query-input\":{\"@type\":\"PropertyValueSpecification\",\"valueRequired\":true,\"valueName\":\"search_term_string\"}}],\"inLanguage\":\"fr-FR\"},{\"@type\":\"Organization\",\"@id\":\"https:\\\/\\\/croixdor6.ch\\\/fr\\\/#organization\",\"name\":\"Croix d'Or\",\"url\":\"https:\\\/\\\/croixdor6.ch\\\/fr\\\/\",\"logo\":{\"@type\":\"ImageObject\",\"inLanguage\":\"fr-FR\",\"@id\":\"https:\\\/\\\/croixdor6.ch\\\/fr\\\/#\\\/schema\\\/logo\\\/image\\\/\",\"url\":\"https:\\\/\\\/croixdor6.ch\\\/wp-content\\\/uploads\\\/2023\\\/11\\\/yo23p5_logo-form.png\",\"contentUrl\":\"https:\\\/\\\/croixdor6.ch\\\/wp-content\\\/uploads\\\/2023\\\/11\\\/yo23p5_logo-form.png\",\"width\":457,\"height\":276,\"caption\":\"Croix d'Or\"},\"image\":{\"@id\":\"https:\\\/\\\/croixdor6.ch\\\/fr\\\/#\\\/schema\\\/logo\\\/image\\\/\"}}]}<\/script>\n<!-- \/ Yoast SEO plugin. -->","yoast_head_json":{"title":"Croix d&#039;Or - Espaces","description":"3\u2019500m\u00b2 de bureaux enti\u00e8rement r\u00e9nov\u00e9s avec des plateaux divisibles de 150m\u00b2 \u00e0 800m\u00b2, pr\u00eats \u00e0 accueillir votre entreprise.","robots":{"index":"index","follow":"follow","max-snippet":"max-snippet:-1","max-image-preview":"max-image-preview:large","max-video-preview":"max-video-preview:-1"},"canonical":"https:\/\/croixdor6.ch\/fr\/spaces\/","og_locale":"fr_FR","og_type":"article","og_title":"Croix d&#039;Or - Espaces","og_description":"3\u2019500m\u00b2 de bureaux enti\u00e8rement r\u00e9nov\u00e9s avec des plateaux divisibles de 150m\u00b2 \u00e0 800m\u00b2, pr\u00eats \u00e0 accueillir votre entreprise.","og_url":"https:\/\/croixdor6.ch\/fr\/spaces\/","og_site_name":"Croix d&#039;Or","article_modified_time":"2025-06-27T11:47:58+00:00","twitter_card":"summary_large_image","schema":{"@context":"https:\/\/schema.org","@graph":[{"@type":"WebPage","@id":"https:\/\/croixdor6.ch\/fr\/spaces\/","url":"https:\/\/croixdor6.ch\/fr\/spaces\/","name":"Croix d&#039;Or - Espaces","isPartOf":{"@id":"https:\/\/croixdor6.ch\/fr\/#website"},"datePublished":"2023-10-30T14:51:39+00:00","dateModified":"2025-06-27T11:47:58+00:00","description":"3\u2019500m\u00b2 de bureaux enti\u00e8rement r\u00e9nov\u00e9s avec des plateaux divisibles de 150m\u00b2 \u00e0 800m\u00b2, pr\u00eats \u00e0 accueillir votre entreprise.","breadcrumb":{"@id":"https:\/\/croixdor6.ch\/fr\/spaces\/#breadcrumb"},"inLanguage":"fr-FR","potentialAction":[{"@type":"ReadAction","target":["https:\/\/croixdor6.ch\/fr\/spaces\/"]}]},{"@type":"BreadcrumbList","@id":"https:\/\/croixdor6.ch\/fr\/spaces\/#breadcrumb","itemListElement":[{"@type":"ListItem","position":1,"name":"Home","item":"https:\/\/croixdor6.ch\/fr\/"},{"@type":"ListItem","position":2,"name":"Espaces"}]},{"@type":"WebSite","@id":"https:\/\/croixdor6.ch\/fr\/#website","url":"https:\/\/croixdor6.ch\/fr\/","name":"Croix d'Or","description":"","publisher":{"@id":"https:\/\/croixdor6.ch\/fr\/#organization"},"potentialAction":[{"@type":"SearchAction","target":{"@type":"EntryPoint","urlTemplate":"https:\/\/croixdor6.ch\/fr\/?s={search_term_string}"},"query-input":{"@type":"PropertyValueSpecification","valueRequired":true,"valueName":"search_term_string"}}],"inLanguage":"fr-FR"},{"@type":"Organization","@id":"https:\/\/croixdor6.ch\/fr\/#organization","name":"Croix d'Or","url":"https:\/\/croixdor6.ch\/fr\/","logo":{"@type":"ImageObject","inLanguage":"fr-FR","@id":"https:\/\/croixdor6.ch\/fr\/#\/schema\/logo\/image\/","url":"https:\/\/croixdor6.ch\/wp-content\/uploads\/2023\/11\/yo23p5_logo-form.png","contentUrl":"https:\/\/croixdor6.ch\/wp-content\/uploads\/2023\/11\/yo23p5_logo-form.png","width":457,"height":276,"caption":"Croix d'Or"},"image":{"@id":"https:\/\/croixdor6.ch\/fr\/#\/schema\/logo\/image\/"}}]}},"_links":{"self":[{"href":"https:\/\/croixdor6.ch\/fr\/wp-json\/wp\/v2\/pages\/253","targetHints":{"allow":["GET"]}}],"collection":[{"href":"https:\/\/croixdor6.ch\/fr\/wp-json\/wp\/v2\/pages"}],"about":[{"href":"https:\/\/croixdor6.ch\/fr\/wp-json\/wp\/v2\/types\/page"}],"author":[{"embeddable":true,"href":"https:\/\/croixdor6.ch\/fr\/wp-json\/wp\/v2\/users\/1"}],"replies":[{"embeddable":true,"href":"https:\/\/croixdor6.ch\/fr\/wp-json\/wp\/v2\/comments?post=253"}],"version-history":[{"count":4,"href":"https:\/\/croixdor6.ch\/fr\/wp-json\/wp\/v2\/pages\/253\/revisions"}],"predecessor-version":[{"id":444,"href":"https:\/\/croixdor6.ch\/fr\/wp-json\/wp\/v2\/pages\/253\/revisions\/444"}],"wp:attachment":[{"href":"https:\/\/croixdor6.ch\/fr\/wp-json\/wp\/v2\/media?parent=253"}],"curies":[{"name":"wp","href":"https:\/\/api.w.org\/{rel}","templated":true}]}}